{"id":28,"date":"2022-08-15T15:10:45","date_gmt":"2022-08-15T13:10:45","guid":{"rendered":"http:\/\/www.ourhealth.at\/?page_id=28"},"modified":"2024-01-24T20:08:19","modified_gmt":"2024-01-24T19:08:19","slug":"veranstaltungen-2","status":"publish","type":"page","link":"https:\/\/www.ourhealth.at\/?page_id=28","title":{"rendered":"Veranstaltungen"},"content":{"rendered":"\n<p>\u201eAls Musiker kann ich nicht anders, als an die Hom\u00f6opathie zu glauben, da der Geigenspieler wei\u00df, wie sein gesamter Ausdruck von der winzigsten, subtilsten, unendlich kleinen und feinen Tonver\u00e4nderung abh\u00e4ngt.\u201c<\/p>\n\n\n\n<p> (Yehudi Menuhin)<\/p>\n\n\n\n<figure class=\"wp-block-image size-large\"><img loading=\"lazy\" decoding=\"async\" width=\"1024\" height=\"181\" src=\"https:\/\/www.ourhealth.at\/wp-content\/uploads\/2022\/08\/header-1024x181.jpg\" alt=\"\" class=\"wp-image-118\" srcset=\"https:\/\/www.ourhealth.at\/wp-content\/uploads\/2022\/08\/header-1024x181.jpg 1024w, https:\/\/www.ourhealth.at\/wp-content\/uploads\/2022\/08\/header-300x53.jpg 300w, https:\/\/www.ourhealth.at\/wp-content\/uploads\/2022\/08\/header-768x136.jpg 768w, https:\/\/www.ourhealth.at\/wp-content\/uploads\/2022\/08\/header-1536x272.jpg 1536w, https:\/\/www.ourhealth.at\/wp-content\/uploads\/2022\/08\/header.jpg 1920w\" sizes=\"auto, (max-width: 1024px) 100vw, 1024px\" \/><\/figure>\n","protected":false},"excerpt":{"rendered":"<p>\u201eAls Musiker kann ich nicht anders, als an die Hom\u00f6opathie zu glauben, da der Geigenspieler wei\u00df, wie sein gesamter Ausdruck von der winzigsten, subtilsten, unendlich kleinen und feinen Tonver\u00e4nderung abh\u00e4ngt.\u201c (Yehudi Menuhin)<\/p>\n","protected":false},"author":3,"featured_media":0,"parent":0,"menu_order":0,"comment_status":"closed","ping_status":"closed","template":"","meta":{"site-sidebar-layout":"default","site-content-layout":"","ast-site-content-layout":"default","site-content-style":"default","site-sidebar-style":"default","ast-global-header-display":"","ast-banner-title-visibility":"","ast-main-header-display":"","ast-hfb-above-header-display":"","ast-hfb-below-header-display":"","ast-hfb-mobile-header-display":"","site-post-title":"","ast-breadcrumbs-content":"","ast-featured-img":"","footer-sml-layout":"","theme-transparent-header-meta":"","adv-header-id-meta":"","stick-header-meta":"","header-above-stick-meta":"","header-main-stick-meta":"","header-below-stick-meta":"","astra-migrate-meta-layouts":"set","ast-page-background-enabled":"default","ast-page-background-meta":{"desktop":{"background-color":"var(--ast-global-color-4)","background-image":"","background-repeat":"repeat","background-position":"center center","background-size":"auto","background-attachment":"scroll","background-type":"","background-media":"","overlay-type":"","overlay-color":"","overlay-gradient":""},"tablet":{"background-color":"","background-image":"","background-repeat":"repeat","background-position":"center center","background-size":"auto","background-attachment":"scroll","background-type":"","background-media":"","overlay-type":"","overlay-color":"","overlay-gradient":""},"mobile":{"background-color":"","background-image":"","background-repeat":"repeat","background-position":"center center","background-size":"auto","background-attachment":"scroll","background-type":"","background-media":"","overlay-type":"","overlay-color":"","overlay-gradient":""}},"ast-content-background-meta":{"desktop":{"background-color":"var(--ast-global-color-5)","background-image":"","background-repeat":"repeat","background-position":"center center","background-size":"auto","background-attachment":"scroll","background-type":"","background-media":"","overlay-type":"","overlay-color":"","overlay-gradient":""},"tablet":{"background-color":"var(--ast-global-color-5)","background-image":"","background-repeat":"repeat","background-position":"center center","background-size":"auto","background-attachment":"scroll","background-type":"","background-media":"","overlay-type":"","overlay-color":"","overlay-gradient":""},"mobile":{"background-color":"var(--ast-global-color-5)","background-image":"","background-repeat":"repeat","background-position":"center center","background-size":"auto","background-attachment":"scroll","background-type":"","background-media":"","overlay-type":"","overlay-color":"","overlay-gradient":""}},"footnotes":""},"class_list":["post-28","page","type-page","status-publish","hentry"],"_links":{"self":[{"href":"https:\/\/www.ourhealth.at\/index.php?rest_route=\/wp\/v2\/pages\/28","targetHints":{"allow":["GET"]}}],"collection":[{"href":"https:\/\/www.ourhealth.at\/index.php?rest_route=\/wp\/v2\/pages"}],"about":[{"href":"https:\/\/www.ourhealth.at\/index.php?rest_route=\/wp\/v2\/types\/page"}],"author":[{"embeddable":true,"href":"https:\/\/www.ourhealth.at\/index.php?rest_route=\/wp\/v2\/users\/3"}],"replies":[{"embeddable":true,"href":"https:\/\/www.ourhealth.at\/index.php?rest_route=%2Fwp%2Fv2%2Fcomments&post=28"}],"version-history":[{"count":7,"href":"https:\/\/www.ourhealth.at\/index.php?rest_route=\/wp\/v2\/pages\/28\/revisions"}],"predecessor-version":[{"id":161,"href":"https:\/\/www.ourhealth.at\/index.php?rest_route=\/wp\/v2\/pages\/28\/revisions\/161"}],"wp:attachment":[{"href":"https:\/\/www.ourhealth.at\/index.php?rest_route=%2Fwp%2Fv2%2Fmedia&parent=28"}],"curies":[{"name":"wp","href":"https:\/\/api.w.org\/{rel}","templated":true}]}}